{"id":370,"date":"2015-10-25T15:19:10","date_gmt":"2015-10-25T15:19:10","guid":{"rendered":"http:\/\/theme.visualmodo.com\/rare\/?page_id=370"},"modified":"2017-05-11T22:30:28","modified_gmt":"2017-05-11T21:30:28","slug":"about-us","status":"publish","type":"page","link":"https:\/\/jos.com.pt\/jos-web\/about-us\/","title":{"rendered":"Quem Somos"},"content":{"rendered":"<p>[vc_row full_width=&#8221;stretch_row&#8221; equal_height=&#8221;yes&#8221; content_placement=&#8221;top&#8221; css=&#8221;.vc_custom_1483176966098{margin-bottom: 0px !important;padding-top: 50px !important;padding-bottom: 50px !important;background-color: #ffffff !important;}&#8221;][vc_column][vc_column_text]<\/p>\n<p style=\"text-align: justify;\">A <strong>JOS Metal, Lda<\/strong> tem como objeto: Atividade de investiga\u00e7\u00e3o, desenvolvimento, fabrica\u00e7\u00e3o, comercializa\u00e7\u00e3o, incluindo a importa\u00e7\u00e3o, exporta\u00e7\u00e3o e, coloca\u00e7\u00e3o em obra de produtos de metalomec\u00e2nica e serralharia civil, nomeadamente, a fabrica\u00e7\u00e3o de partes met\u00e1licas para a constru\u00e7\u00e3o de edif\u00edcios, fabrica\u00e7\u00e3o de portas, grades, port\u00f5es e outros artigos similares em metal, com ou sem automatismos. Produz tamb\u00e9m mobili\u00e1rio para lojas e hotelaria. Faz ainda presta\u00e7\u00e3o de servi\u00e7os a empresas e particulares designadamente, servi\u00e7os de instala\u00e7\u00e3o, assist\u00eancia, manuten\u00e7\u00e3o e repara\u00e7\u00e3o de automatismos. Ind\u00fastria de constru\u00e7\u00e3o civil e empreitadas de obras p\u00fablicas.<br \/>\nAtualmente, a JOS Metal, Lda. \u00e9 uma empresa de refer\u00eancia no sector da serralharia em a\u00e7o inox e em solu\u00e7\u00f5es de portas e grades com e sem automatismos, dedicando-se, em especial, ao desenvolvimento, produ\u00e7\u00e3o e comercializa\u00e7\u00e3o, com ou sem coloca\u00e7\u00e3o no cliente final de, nomeadamente, estruturas met\u00e1licas, trabalhos em a\u00e7o inox e\/ou ferro, incluindo caixilharia em ferro e tudo o que est\u00e1 associado a portas e grades com ou sem automatismos, apesar da sua oferta ser mais alargada.<\/p>\n<p>[\/vc_column_text][\/vc_column][\/vc_row][vc_row full_width=&#8221;stretch_row_content_no_spaces&#8221; equal_height=&#8221;yes&#8221; content_placement=&#8221;middle&#8221; el_class=&#8221;adjust_cols_height height_adjusted&#8221; css=&#8221;.vc_custom_1464112154138{margin-bottom: 0px !important;}&#8221;][vc_column width=&#8221;1\/2&#8243; css=&#8221;.vc_custom_1464112543345{padding-top: 7% !important;padding-right: 7% !important;padding-bottom: 7% !important;padding-left: 7% !important;background-color: #3a6ee8 !important;}&#8221;][vc_column_text css_animation=&#8221;bottom-to-top&#8221; css=&#8221;.vc_custom_1493293474896{margin-top: 50px !important;margin-right: 50px !important;margin-bottom: 50px !important;margin-left: 50px !important;}&#8221;]<\/p>\n<h3 style=\"font-family: 'Playfair Display'; color: #fff;\"><em>Vis\u00e3o, Miss\u00e3o e Objetivos Estrat\u00e9gicos<\/em><\/h3>\n<p style=\"text-align: justify; color: #fff;\">Toda a Filosofia de atua\u00e7\u00e3o da JOS Metal, Lda pode ser traduzida na linha estrat\u00e9gica definida pela empresa e traduzida, nos seus valores: o relacionamento com os clientes e colaboradores deve ser transparente e baseado na responsabilidade e confian\u00e7a entre as partes.<br \/>\nA miss\u00e3o JOS Metal, Lda relaciona-se com a presta\u00e7\u00e3o de servi\u00e7os e fabrica\u00e7\u00e3o de produtos que atendam a todas as especifica\u00e7\u00f5es dos seus clientes, selecionando os melhores fornecedores e cumprindo rigorosamente os prazos, bem como continuar a investir no desenvolvimento da atividade, representado pela satisfa\u00e7\u00e3o de clientes, fornecedores, colaboradores e outros parceiros no neg\u00f3cio.<br \/>\nA vis\u00e3o da empresa assenta na satisfa\u00e7\u00e3o das necessidades permanentes do mercado, apostando na diversifica\u00e7\u00e3o da produ\u00e7\u00e3o para produtos novos.<\/p>\n<p>[\/vc_column_text][\/vc_column][vc_column width=&#8221;1\/2&#8243; css=&#8221;.vc_custom_1493293685992{background-image: url(http:\/\/jos.com.pt\/jos-web\/wp-content\/uploads\/2015\/10\/company_vision.jpg?id=6608) !important;background-position: center !important;background-repeat: no-repeat !important;background-size: cover !important;}&#8221;][\/vc_column][\/vc_row]<\/p>\n","protected":false},"excerpt":{"rendered":"<p>[vc_row full_width=&#8221;stretch_row&#8221; equal_height=&#8221;yes&#8221; content_placement=&#8221;top&#8221; css=&#8221;.vc_custom_1483176966098{margin-bottom: 0px !important;padding-top: 50px !important;padding-bottom: 50px !important;background-color: #ffffff !important;}&#8221;][vc_column][vc_column_text] A JOS Metal, Lda tem como objeto: Atividade de investiga\u00e7\u00e3o, desenvolvimento, fabrica\u00e7\u00e3o, comercializa\u00e7\u00e3o, incluindo a importa\u00e7\u00e3o, exporta\u00e7\u00e3o e, coloca\u00e7\u00e3o em obra de produtos de metalomec\u00e2nica e serralharia civil, nomeadamente, a fabrica\u00e7\u00e3o de partes met\u00e1licas para a constru\u00e7\u00e3o de edif\u00edcios, fabrica\u00e7\u00e3o de portas, [&#8230;]<\/p>\n<p><a class=\"btn btn-default vslmd-read-more-link\" href=\"https:\/\/jos.com.pt\/jos-web\/about-us\/\">Read More<\/a><\/p>\n","protected":false},"author":3,"featured_media":0,"parent":0,"menu_order":0,"comment_status":"closed","ping_status":"closed","template":"","meta":[],"_links":{"self":[{"href":"https:\/\/jos.com.pt\/jos-web\/wp-json\/wp\/v2\/pages\/370"}],"collection":[{"href":"https:\/\/jos.com.pt\/jos-web\/wp-json\/wp\/v2\/pages"}],"about":[{"href":"https:\/\/jos.com.pt\/jos-web\/wp-json\/wp\/v2\/types\/page"}],"author":[{"embeddable":true,"href":"https:\/\/jos.com.pt\/jos-web\/wp-json\/wp\/v2\/users\/3"}],"replies":[{"embeddable":true,"href":"https:\/\/jos.com.pt\/jos-web\/wp-json\/wp\/v2\/comments?post=370"}],"version-history":[{"count":6,"href":"https:\/\/jos.com.pt\/jos-web\/wp-json\/wp\/v2\/pages\/370\/revisions"}],"predecessor-version":[{"id":6611,"href":"https:\/\/jos.com.pt\/jos-web\/wp-json\/wp\/v2\/pages\/370\/revisions\/6611"}],"wp:attachment":[{"href":"https:\/\/jos.com.pt\/jos-web\/wp-json\/wp\/v2\/media?parent=370"}],"curies":[{"name":"wp","href":"https:\/\/api.w.org\/{rel}","templated":true}]}}