{"id":5496,"date":"2015-10-06T16:29:30","date_gmt":"2015-10-06T16:29:30","guid":{"rendered":"http:\/\/theme.visualmodo.com\/essence\/?page_id=9"},"modified":"2023-01-04T12:36:41","modified_gmt":"2023-01-04T12:36:41","slug":"home","status":"publish","type":"page","link":"https:\/\/jos.com.pt\/jos-web\/","title":{"rendered":"Home"},"content":{"rendered":"<p>[vc_row full_width=&#8221;stretch_row&#8221;][vc_column offset=&#8221;vc_col-lg-12&#8243;]<div class=\"ult-ih-container ult-adjust-bottom-margin  \" >\t<ul class=\"ult-ih-list \"  data-shape=\"circle\"  data-width=\"200\"  data-height=\"200\"  style=\"text-align:center; \"><li id=\"ult-ih-list-item-9682\" class=\"ult-ih-list-item\" style=\"height: 200px; width: 200px;  margin: 35px\"><a class=\"ult-ih-link\" href=\"http:\/\/jos.com.pt\/jos-web\/portfolio-serralharia-de-ferro\/\"  ><div style=\"height: 200px; width: 200px; \" class=\"ult-ih-item ult-ih-effect17    \"><div class=\"ult-ih-image-block\" style=\"height: 200px; width: 200px; \">\t<div class=\"ult-ih-wrapper\" style=\"border-style: solid; border-color: rgba(255,255,255,0.2); border-width: 5px;\"><\/div>\t<img class=\"ult-ih-image\" src=\"https:\/\/jos.com.pt\/jos-web\/wp-content\/uploads\/2015\/10\/514412700.jpg\" alt=\"null\"><\/div><div class=\"ult-ih-info\" style=\"background-color: #b02b1a; \">\t<div class=\"ult-ih-info-back\">\t<div class=\"ult-ih-content\">\t\t\t<div class=\"ult-ih-heading-block\" style=\"\">\t\t\t\t<h3 class=\"ult-ih-heading ult-responsive\" style=\"color:#ffffff;\"  data-ultimate-target='#ult-ih-list-item-9682 .ult-ih-heading'  data-responsive-json-new='{\"font-size\":\"desktop:22px;\",\"line-height\":\"desktop:28px;\"}' >Serralharia de Ferro<\/h3>\t\t\t<\/div>\t\t\t<div class=\"ult-ih-divider-block\" style=\"height:1px;\">\t\t\t\t<span class=\"ult-ih-line\" style=\"border-style:none;border-color:rgba(255,255,255,0.75);width:100px;border-width:1px;\"><\/span>\t\t\t<\/div>\t\t\t<div class=\"ult-ih-description-block\" style=\"\">\t\t\t\t<div class=\"ult-ih-description ult-responsive\" style=\"color:#bbbbbb;\"  data-ultimate-target='#ult-ih-list-item-9682 .ult-ih-description, #ult-ih-list-item-9682 .ult-ih-description p'  data-responsive-json-new='{\"font-size\":\"desktop:12px;\",\"line-height\":\"desktop:18px;\"}' >\t\t\t\t<\/div>\t\t\t<\/div>\t<\/div>\t<\/div><\/div><\/div><\/a><\/li><li id=\"ult-ih-list-item-4226\" class=\"ult-ih-list-item\" style=\"height: 200px; width: 200px;  margin: 35px\"><a class=\"ult-ih-link\" href=\"http:\/\/jos.com.pt\/jos-web\/portfolio-serralharia-de-inox\/\"  ><div style=\"height: 200px; width: 200px; \" class=\"ult-ih-item ult-ih-effect17    \"><div class=\"ult-ih-image-block\" style=\"height: 200px; width: 200px; \">\t<div class=\"ult-ih-wrapper\" style=\"border-style: solid; border-color: rgba(255,255,255,0.2); border-width: 5px;\"><\/div>\t<img class=\"ult-ih-image\" src=\"https:\/\/jos.com.pt\/jos-web\/wp-content\/uploads\/2015\/10\/inox-01-01.png\" alt=\"null\"><\/div><div class=\"ult-ih-info\" style=\"background-color: #b02b1a; \">\t<div class=\"ult-ih-info-back\">\t<div class=\"ult-ih-content\">\t\t\t<div class=\"ult-ih-heading-block\" style=\"\">\t\t\t\t<h3 class=\"ult-ih-heading ult-responsive\" style=\"color:#ffffff;\"  data-ultimate-target='#ult-ih-list-item-4226 .ult-ih-heading'  data-responsive-json-new='{\"font-size\":\"desktop:22px;\",\"line-height\":\"desktop:28px;\"}' >Serralharia de Inox<\/h3>\t\t\t<\/div>\t\t\t<div class=\"ult-ih-divider-block\" style=\"height:1px;\">\t\t\t\t<span class=\"ult-ih-line\" style=\"border-style:none;border-color:rgba(255,255,255,0.75);width:100px;border-width:1px;\"><\/span>\t\t\t<\/div>\t\t\t<div class=\"ult-ih-description-block\" style=\"\">\t\t\t\t<div class=\"ult-ih-description ult-responsive\" style=\"color:#bbbbbb;\"  data-ultimate-target='#ult-ih-list-item-4226 .ult-ih-description, #ult-ih-list-item-4226 .ult-ih-description p'  data-responsive-json-new='{\"font-size\":\"desktop:12px;\",\"line-height\":\"desktop:18px;\"}' >\t\t\t\t<\/div>\t\t\t<\/div>\t<\/div>\t<\/div><\/div><\/div><\/a><\/li><li id=\"ult-ih-list-item-3720\" class=\"ult-ih-list-item\" style=\"height: 200px; width: 200px;  margin: 35px\"><a class=\"ult-ih-link\" href=\"http:\/\/jos.com.pt\/jos-web\/portfolio-portas-e-automatismos\/\"  ><div style=\"height: 200px; width: 200px; \" class=\"ult-ih-item ult-ih-effect17    \"><div class=\"ult-ih-image-block\" style=\"height: 200px; width: 200px; \">\t<div class=\"ult-ih-wrapper\" style=\"border-style: solid; border-color: rgba(255,255,255,0.2); border-width: 5px;\"><\/div>\t<img class=\"ult-ih-image\" src=\"https:\/\/jos.com.pt\/jos-web\/wp-content\/uploads\/2015\/10\/portao-01.png\" alt=\"null\"><\/div><div class=\"ult-ih-info\" style=\"background-color: #b02b1a; \">\t<div class=\"ult-ih-info-back\">\t<div class=\"ult-ih-content\">\t\t\t<div class=\"ult-ih-heading-block\" style=\"\">\t\t\t\t<h3 class=\"ult-ih-heading ult-responsive\" style=\"color:#ffffff;\"  data-ultimate-target='#ult-ih-list-item-3720 .ult-ih-heading'  data-responsive-json-new='{\"font-size\":\"desktop:22px;\",\"line-height\":\"desktop:28px;\"}' >Portas e Automatismos<\/h3>\t\t\t<\/div>\t\t\t<div class=\"ult-ih-divider-block\" style=\"height:1px;\">\t\t\t\t<span class=\"ult-ih-line\" style=\"border-style:none;border-color:rgba(255,255,255,0.75);width:100px;border-width:1px;\"><\/span>\t\t\t<\/div>\t\t\t<div class=\"ult-ih-description-block\" style=\"\">\t\t\t\t<div class=\"ult-ih-description ult-responsive\" style=\"color:#bbbbbb;\"  data-ultimate-target='#ult-ih-list-item-3720 .ult-ih-description, #ult-ih-list-item-3720 .ult-ih-description p'  data-responsive-json-new='{\"font-size\":\"desktop:12px;\",\"line-height\":\"desktop:18px;\"}' >\t\t\t\t<\/div>\t\t\t<\/div>\t<\/div>\t<\/div><\/div><\/div><\/a><\/li><li id=\"ult-ih-list-item-4407\" class=\"ult-ih-list-item\" style=\"height: 200px; width: 200px;  margin: 35px\"><a class=\"ult-ih-link\" href=\"http:\/\/jos.com.pt\/jos-web\/portfolio-metalomecanica\/\"  ><div style=\"height: 200px; width: 200px; \" class=\"ult-ih-item ult-ih-effect17    \"><div class=\"ult-ih-image-block\" style=\"height: 200px; width: 200px; \">\t<div class=\"ult-ih-wrapper\" style=\"border-style: solid; border-color: rgba(255,255,255,0.2); border-width: 5px;\"><\/div>\t<img class=\"ult-ih-image\" src=\"https:\/\/jos.com.pt\/jos-web\/wp-content\/uploads\/2021\/02\/metalomecanica.jpg\" alt=\"null\"><\/div><div class=\"ult-ih-info\" style=\"background-color: #b02b1a; \">\t<div class=\"ult-ih-info-back\">\t<div class=\"ult-ih-content\">\t\t\t<div class=\"ult-ih-heading-block\" style=\"\">\t\t\t\t<h3 class=\"ult-ih-heading ult-responsive\" style=\"color:#ffffff;\"  data-ultimate-target='#ult-ih-list-item-4407 .ult-ih-heading'  data-responsive-json-new='{\"font-size\":\"desktop:18px;\",\"line-height\":\"desktop:28px;\"}' >Metalomec\u00e2nica<\/h3>\t\t\t<\/div>\t\t\t<div class=\"ult-ih-divider-block\" style=\"height:1px;\">\t\t\t\t<span class=\"ult-ih-line\" style=\"border-style:none;border-color:rgba(255,255,255,0.75);width:100px;border-width:1px;\"><\/span>\t\t\t<\/div>\t\t\t<div class=\"ult-ih-description-block\" style=\"\">\t\t\t\t<div class=\"ult-ih-description ult-responsive\" style=\"color:#bbbbbb;\"  data-ultimate-target='#ult-ih-list-item-4407 .ult-ih-description, #ult-ih-list-item-4407 .ult-ih-description p'  data-responsive-json-new='{\"font-size\":\"desktop:12px;\",\"line-height\":\"desktop:18px;\"}' >\t\t\t\t<\/div>\t\t\t<\/div>\t<\/div>\t<\/div><\/div><\/div><\/a><\/li>\t<\/ul><\/div>[\/vc_column][\/vc_row][vc_row full_width=&#8221;stretch_row&#8221; equal_height=&#8221;yes&#8221; content_placement=&#8221;top&#8221; css=&#8221;.vc_custom_1493048776470{margin-bottom: 0px !important;padding-top: 50px !important;padding-bottom: 50px !important;background-color: #b02b1a !important;}&#8221; el_class=&#8221;first-container&#8221;][vc_column width=&#8221;1\/2&#8243;][vc_column_text css_animation=&#8221;fadeInUp&#8221;]<\/p>\n<p style=\"font-size: 56px; color: #fff; text-align: right; line-height: 60px;\">A Express\u00e3o da Marca JOS Metal<\/p>\n<p>[\/vc_column_text][\/vc_column][vc_column width=&#8221;1\/2&#8243;][vc_column_text css_animation=&#8221;bottom-to-top&#8221;]<\/p>\n<p style=\"color: #fff; font-size: 16px;\">A Ger\u00eancia da empresa considera que o \u00eaxito no mercado passa pela capacidade de desenvolvimento sucessivo de novos produtos, com caracter\u00edsticas diferenciadoras e com valor acrescentado crescente. Esse fator aliado a uma qualidade garantida pelo equipamento produtivo (tecnologicamente avan\u00e7ado) e pelo controlo dos processos permitir\u00e1 a entrada em novos mercados e a consolida\u00e7\u00e3o dos atuais, bem como um diferente posicionamento relativamente aos concorrentes.<\/p>\n<p style=\"font-size: 16px; color: #fff;\">A experi\u00eancia consolidada ao longo dos anos, os meios tecnol\u00f3gicos, o capital humano, aliados \u00e0 sua rede de parceiros de neg\u00f3cio e \u00e0 ambi\u00e7\u00e3o de (re)empreender em cada fase de evolu\u00e7\u00e3o da execu\u00e7\u00e3o do seu mapa estrat\u00e9gico, constituem as bases do sucesso da JOS Metal, Lda.<\/p>\n<p>[\/vc_column_text][\/vc_column][\/vc_row][vc_row full_width=&#8221;stretch_row&#8221; css=&#8221;.vc_custom_1493219079631{margin-bottom: 0px !important;padding-top: 50px !important;padding-bottom: 50px !important;background-color: #f2efea !important;}&#8221;][vc_column width=&#8221;1\/6&#8243;][\/vc_column][vc_column width=&#8221;2\/3&#8243;][vc_column_text css_animation=&#8221;bottom-to-top&#8221;]<\/p>\n<p style=\"text-align: center; font-weight: bold; color: #4c4b4a; font-size: 56px; line-height: 100px;\">Responsabilidade &amp; Confian\u00e7a<\/p>\n<p style=\"text-align: center; line-height: 45px; font-size: 23px; color: #808080;\">O relacionamento com os clientes e colaboradores deve ser transparente e baseado na responsabilidade e confian\u00e7a entre as partes.<\/p>\n<p>[\/vc_column_text][\/vc_column][vc_column width=&#8221;1\/6&#8243;][\/vc_column][\/vc_row][vc_row full_width=&#8221;stretch_row_content&#8221; bg_type=&#8221;image&#8221; parallax_style=&#8221;vcpb-vz-jquery&#8221; bg_image_new=&#8221;id^6479|url^http:\/\/jos.com.pt\/jos-web\/wp-content\/uploads\/2015\/10\/warehouse-floor.png|caption^null|alt^null|title^warehouse-floor|description^null&#8221; bg_image_repeat=&#8221;no-repeat&#8221; bg_override=&#8221;ex-full&#8221; css=&#8221;.vc_custom_1494233668272{padding-top: 130px !important;padding-bottom: 130px !important;}&#8221;][vc_column width=&#8221;1\/4&#8243;][vc_column_text css_animation=&#8221;bottom-to-top&#8221;]<\/p>\n<p style=\"text-align: center; font-weight: bold; color: #4c4b4a; font-size: 70px; line-height: 100px;\"><span style=\"color: #fff;\">Portf\u00f3lio<\/span><\/p>\n<p>[\/vc_column_text][\/vc_column][vc_column width=&#8221;1\/4&#8243;][\/vc_column][vc_column width=&#8221;1\/4&#8243;][\/vc_column][vc_column width=&#8221;1\/4&#8243;]<div class=\" ubtn-ctn-center \"><a class=\"ubtn-link ult-adjust-bottom-margin ubtn-center ubtn-normal \" href=\"http:\/\/jos.com.pt\/jos-web\/portfolio\/\" ><button type=\"button\" id=\"ubtn-9340\"  class=\"ubtn ult-adjust-bottom-margin ult-responsive ubtn-normal ubtn-fade-bg  ulta-grow  ubtn-center   tooltip-6a045ad567647\"  data-hover=\"#b02b1a\" data-border-color=\"\" data-bg=\"#b02b1a\" data-hover-bg=\"#ffffff\" data-border-hover=\"\" data-shadow-hover=\"\" data-shadow-click=\"none\" data-shadow=\"\" data-shd-shadow=\"\"  data-ultimate-target='#ubtn-9340'  data-responsive-json-new='{\"font-size\":\"desktop:20px;\",\"line-height\":\"\"}'  style=\"font-weight:normal;border:none;background: #b02b1a;color: #ffffff;\"><span class=\"ubtn-hover\" style=\"background-color:#ffffff\"><\/span><span class=\"ubtn-data ubtn-text \" >MAIS INFO.<\/span><\/button><\/a><\/div>[\/vc_column][\/vc_row][vc_row full_width=&#8221;stretch_row&#8221; disable_element=&#8221;yes&#8221; css=&#8221;.vc_custom_1493219651185{margin-bottom: 0px !important;padding-top: 30px !important;padding-bottom: 30px !important;background-color: #f2efea !important;}&#8221;][vc_column css_animation=&#8221;fadeIn&#8221; width=&#8221;1\/4&#8243;][vc_icon icon_fontawesome=&#8221;fa fa-building-o&#8221; color=&#8221;custom&#8221; size=&#8221;xl&#8221; align=&#8221;center&#8221; css_animation=&#8221;fadeIn&#8221; custom_color=&#8221;#b02b1a&#8221;][vc_column_text]<\/p>\n<p>I am text block. Click edit button to change this text. Lorem ipsum dolor sit amet, consectetur adipiscing elit. Ut elit tellus, luctus nec ullamcorper mattis, pulvinar dapibus leo.<\/p>\n<p>[\/vc_column_text][\/vc_column][vc_column width=&#8221;1\/4&#8243;][vc_icon icon_fontawesome=&#8221;fa fa-building-o&#8221; color=&#8221;custom&#8221; size=&#8221;xl&#8221; align=&#8221;center&#8221; css_animation=&#8221;fadeIn&#8221; custom_color=&#8221;#b02b1a&#8221;][vc_column_text]<\/p>\n<p>I am text block. Click edit button to change this text. Lorem ipsum dolor sit amet, consectetur adipiscing elit. Ut elit tellus, luctus nec ullamcorper mattis, pulvinar dapibus leo.<\/p>\n<p>[\/vc_column_text][\/vc_column][vc_column width=&#8221;1\/4&#8243;][vc_icon icon_fontawesome=&#8221;fa fa-building-o&#8221; color=&#8221;custom&#8221; size=&#8221;xl&#8221; align=&#8221;center&#8221; css_animation=&#8221;fadeIn&#8221; custom_color=&#8221;#b02b1a&#8221;][vc_column_text]<\/p>\n<p>I am text block. Click edit button to change this text. Lorem ipsum dolor sit amet, consectetur adipiscing elit. Ut elit tellus, luctus nec ullamcorper mattis, pulvinar dapibus leo.<\/p>\n<p>[\/vc_column_text][\/vc_column][vc_column width=&#8221;1\/4&#8243;][vc_icon icon_fontawesome=&#8221;fa fa-building-o&#8221; color=&#8221;custom&#8221; size=&#8221;xl&#8221; align=&#8221;center&#8221; css_animation=&#8221;fadeIn&#8221; custom_color=&#8221;#b02b1a&#8221;][vc_column_text]<\/p>\n<p>I am text block. Click edit button to change this text. Lorem ipsum dolor sit amet, consectetur adipiscing elit. Ut elit tellus, luctus nec ullamcorper mattis, pulvinar dapibus leo.<\/p>\n<p>[\/vc_column_text][\/vc_column][\/vc_row][vc_row full_width=&#8221;stretch_row_content_no_spaces&#8221; css=&#8221;.vc_custom_1493291555375{margin-top: 0px !important;margin-right: 0px !important;margin-bottom: 0px !important;margin-left: 0px !important;padding-top: 0px !important;padding-right: 0px !important;padding-bottom: 0px !important;padding-left: 0px !important;}&#8221;][vc_column css=&#8221;.vc_custom_1493291782685{margin-top: 0px !important;margin-right: 0px !important;margin-bottom: 0px !important;margin-left: 0px !important;padding-top: 0px !important;padding-right: 0px !important;padding-bottom: 0px !important;padding-left: 0px !important;}&#8221;][vc_gmaps link=&#8221;#E-8_JTNDaWZyYW1lJTIwc3JjJTNEJTIyaHR0cHMlM0ElMkYlMkZ3d3cuZ29vZ2xlLmNvbSUyRm1hcHMlMkZlbWJlZCUzRnBiJTNEJTIxMW0xOCUyMTFtMTIlMjExbTMlMjExZDI5ODYuMjA5NjQ5MjQ3NTc2NiUyMTJkLTguNDY0MDQyMTkwNTkxMDg3JTIxM2Q0MS41ODE2ODU5OTA5OTQwMjUlMjEybTMlMjExZjAlMjEyZjAlMjEzZjAlMjEzbTIlMjExaTEwMjQlMjEyaTc2OCUyMTRmMTMuMSUyMTNtMyUyMTFtMiUyMTFzMHgwJTI1M0EweDAlMjEyek5ESENzRE0wSnpVMExqRWlUaUE0d3JBeU55YzBNaTQzSWxjJTIxNWUwJTIxM20yJTIxMXNwdC1QVCUyMTJzcHQlMjE0djE0OTMyMjM3NzI5MjElMjIlMjB3aWR0aCUzRCUyMjgwMCUyMiUyMGhlaWdodCUzRCUyMjYwMCUyMiUyMGZyYW1lYm9yZGVyJTNEJTIyMCUyMiUyMHN0eWxlJTNEJTIyYm9yZGVyJTNBMCUyMiUyMGFsbG93ZnVsbHNjcmVlbiUzRSUzQyUyRmlmcmFtZSUzRQ==&#8221; size=&#8221;350&#8243; css_animation=&#8221;fadeInUp&#8221; css=&#8221;.vc_custom_1493291668951{margin-bottom: 0px !important;padding-bottom: 0px !important;}&#8221;][\/vc_column][\/vc_row][vc_row full_width=&#8221;stretch_row&#8221; css_animation=&#8221;none&#8221; bg_type=&#8221;image&#8221; parallax_style=&#8221;vcpb-default&#8221; bg_image_new=&#8221;id^6600|url^http:\/\/jos.com.pt\/jos-web\/wp-content\/uploads\/2015\/10\/fotolia_85570862_subscription_monthly_m.jpg|caption^null|alt^null|title^Top view office desk &#8211; hero header image|description^null&#8221; css=&#8221;.vc_custom_1493718526287{padding-top: 10px !important;padding-bottom: 10px !important;}&#8221;][vc_column width=&#8221;1\/4&#8243;][\/vc_column][vc_column css_animation=&#8221;flipInX&#8221; width=&#8221;1\/4&#8243;][vc_column_text css=&#8221;.vc_custom_1672835606283{padding-top: 10px !important;padding-right: 10px !important;padding-bottom: 10px !important;padding-left: 10px !important;background-color: #f2efea !important;border-radius: 3px !important;}&#8221;]<strong>JOS &#8211; Metal, Lda<\/strong><br \/>\nRua das Cardosas, Lote A1<br \/>\nMerelim S. Paio<br \/>\n4700-837 Braga<br \/>\nTel.\/Fax: +351 253 621 173 (Chamada para a rede fixa nacional)[\/vc_column_text][\/vc_column][vc_column width=&#8221;1\/4&#8243;]<div role=\"form\" class=\"wpcf7\" id=\"wpcf7-f6-o1\" lang=\"pt-PT\" dir=\"ltr\">\n<div class=\"screen-reader-response\"><p role=\"status\" aria-live=\"polite\" aria-atomic=\"true\"><\/p> <ul><\/ul><\/div>\n<form action=\"\/jos-web\/wp-json\/wp\/v2\/pages\/5496#wpcf7-f6-o1\" method=\"post\" class=\"wpcf7-form init\" novalidate=\"novalidate\" data-status=\"init\">\n<div style=\"display: none;\">\n<input type=\"hidden\" name=\"_wpcf7\" value=\"6\" \/>\n<input type=\"hidden\" name=\"_wpcf7_version\" value=\"5.3.2\" \/>\n<input type=\"hidden\" name=\"_wpcf7_locale\" value=\"pt_PT\" \/>\n<input type=\"hidden\" name=\"_wpcf7_unit_tag\" value=\"wpcf7-f6-o1\" \/>\n<input type=\"hidden\" name=\"_wpcf7_container_post\" value=\"0\" \/>\n<input type=\"hidden\" name=\"_wpcf7_posted_data_hash\" value=\"\" \/>\n<input type=\"hidden\" name=\"_wpcf7_recaptcha_response\" value=\"\" \/>\n<\/div>\n<p class=\"form1\">\n <span class=\"wpcf7-form-control-wrap your-email\"><input type=\"email\" name=\"your-email\" value=\"\" size=\"40\" class=\"wpcf7-form-control wpcf7-text wpcf7-email wpcf7-validates-as-required wpcf7-validates-as-email emailfield1\" aria-required=\"true\" aria-invalid=\"false\" placeholder=\"Email\" \/><\/span><br \/>\n <span class=\"wpcf7-form-control-wrap your-subject\"><input type=\"text\" name=\"your-subject\" value=\"\" size=\"40\" class=\"wpcf7-form-control wpcf7-text wpcf7-validates-as-required textfield1\" aria-required=\"true\" aria-invalid=\"false\" placeholder=\"Assunto\" \/><\/span><br \/>\n <span class=\"wpcf7-form-control-wrap your-message\"><textarea name=\"your-message\" cols=\"40\" rows=\"3\" class=\"wpcf7-form-control wpcf7-textarea wpcf7-validates-as-required textarea1\" aria-required=\"true\" aria-invalid=\"false\" placeholder=\"Mensagem\"><\/textarea><\/span><\/p>\n\n<p><input type=\"submit\" value=\"Enviar\" class=\"wpcf7-form-control wpcf7-submit submit1\" \/><\/p>\n<div class=\"wpcf7-response-output\" aria-hidden=\"true\"><\/div><\/form><\/div>[\/vc_column][vc_column width=&#8221;1\/4&#8243;][\/vc_column][\/vc_row][vc_row disable_element=&#8221;yes&#8221;][vc_column]<div id='wrap_map_6a045ad567dea' class='ultimate-map-wrapper ult-adjust-bottom-margin ' style=' height:300px;'><div id='map_6a045ad567dea' data-map_override='0' class='ultimate_google_map wpb_content_element page_margin_top' style='width:100%;height:300px;'><\/div><\/div><script type='text\/javascript'>\r\n\t\t\t(function($) {\r\n  \t\t\t'use strict';\r\n\t\t\tvar map_map_6a045ad567dea = null;\r\n\t\t\tvar coordinate_map_6a045ad567dea;\r\n\t\t\tvar isDraggable = $(document).width() > 641 ? true : true;\r\n\t\t\ttry\r\n\t\t\t{\r\n\t\t\t\tvar map_map_6a045ad567dea = null;\r\n\t\t\t\tvar coordinate_map_6a045ad567dea;\r\n\t\t\t\tcoordinate_map_6a045ad567dea=new google.maps.LatLng(41.581662, -8.461894);\r\n\t\t\t\tvar mapOptions=\r\n\t\t\t\t{\r\n\t\t\t\t\tzoom: 12,\r\n\t\t\t\t\tcenter: coordinate_map_6a045ad567dea,\r\n\t\t\t\t\tscaleControl: true,\r\n\t\t\t\t\tstreetViewControl: false,\r\n\t\t\t\t\tmapTypeControl: false,\r\n\t\t\t\t\tpanControl: false,\r\n\t\t\t\t\tzoomControl: false,\r\n\t\t\t\t\tscrollwheel: true,\r\n\t\t\t\t\tdraggable: isDraggable,\r\n\t\t\t\t\tzoomControlOptions: {\r\n\t\t\t\t\t\tposition: google.maps.ControlPosition.RIGHT_BOTTOM\r\n\t\t\t\t\t},mapTypeId: google.maps.MapTypeId.ROADMAP,};var map_map_6a045ad567dea = new google.maps.Map(document.getElementById('map_6a045ad567dea'),mapOptions);\r\n\t\t\t\t\t\tvar x = 'infowindow_open_value';\r\n\t\t\t\t\t\tvar marker_map_6a045ad567dea = new google.maps.Marker({\r\n\t\t\t\t\t\tposition: new google.maps.LatLng(41.581662, -8.461894),\r\n\t\t\t\t\t\tanimation:  google.maps.Animation.DROP,\r\n\t\t\t\t\t\tmap: map_map_6a045ad567dea,\r\n\t\t\t\t\t\ticon: ''\r\n\t\t\t\t\t});\tgoogle.maps.event.addListener(marker_map_6a045ad567dea, 'click', toggleBounce);var infowindow = new google.maps.InfoWindow();\r\n\t\t\t\t\t\t\tinfowindow.setContent('<div class=\"map_info_text\" style=\\'color:#000;\\'>JOS Metal, Lda<\/div>');google.maps.event.addListener(marker_map_6a045ad567dea, 'click', function() {\r\n\t\t\t\t\t\t\t\tinfowindow.open(map_map_6a045ad567dea,marker_map_6a045ad567dea);\r\n\t\t\t\t\t\t  \t});}\r\n\t\t\tcatch(e){};\r\n\t\t\tjQuery(document).ready(function($){\r\n\t\t\t\tgoogle.maps.event.trigger(map_map_6a045ad567dea, 'resize');\r\n\t\t\t\t$(window).resize(function(){\r\n\t\t\t\t\tgoogle.maps.event.trigger(map_map_6a045ad567dea, 'resize');\r\n\t\t\t\t\tif(map_map_6a045ad567dea!=null)\r\n\t\t\t\t\t\tmap_map_6a045ad567dea.setCenter(coordinate_map_6a045ad567dea);\r\n\t\t\t\t});\r\n\t\t\t\t$('.ui-tabs').bind('tabsactivate', function(event, ui) {\r\n\t\t\t\t   if($(this).find('.ultimate-map-wrapper').length > 0)\r\n\t\t\t\t\t{\r\n\t\t\t\t\t\tsetTimeout(function(){\r\n\t\t\t\t\t\t\t$(window).trigger('resize');\r\n\t\t\t\t\t\t},200);\r\n\t\t\t\t\t}\r\n\t\t\t\t});\r\n\t\t\t\t$('.ui-accordion').bind('accordionactivate', function(event, ui) {\r\n\t\t\t\t   if($(this).find('.ultimate-map-wrapper').length > 0)\r\n\t\t\t\t\t{\r\n\t\t\t\t\t\tsetTimeout(function(){\r\n\t\t\t\t\t\t\t$(window).trigger('resize');\r\n\t\t\t\t\t\t},200);\r\n\t\t\t\t\t}\r\n\t\t\t\t});\r\n\t\t\t\t$(window).on('load',function(){\r\n\t\t\t\t\tsetTimeout(function(){\r\n\t\t\t\t\t\t$(window).trigger('resize');\r\n\t\t\t\t\t},200);\r\n\t\t\t\t});\r\n\t\t\t\t$('.ult_exp_section').select(function(){\r\n\t\t\t\t\tif($(map_map_6a045ad567dea).parents('.ult_exp_section'))\r\n\t\t\t\t\t{\r\n\t\t\t\t\t\tsetTimeout(function(){\r\n\t\t\t\t\t\t\t$(window).trigger('resize');\r\n\t\t\t\t\t\t},200);\r\n\t\t\t\t\t}\r\n\t\t\t\t});\r\n\t\t\t\t$(document).on('onUVCModalPopupOpen', function(){\r\n\t\t\t\t\tif($(map_map_6a045ad567dea).parents('.ult_modal-content'))\r\n\t\t\t\t\t{\r\n\t\t\t\t\t\tsetTimeout(function(){\r\n\t\t\t\t\t\t\t$(window).trigger('resize');\r\n\t\t\t\t\t\t},200);\r\n\t\t\t\t\t}\r\n\t\t\t\t});\r\n\t\t\t\t$(document).on('click','.ult_tab_li',function(){\r\n\t\t\t\t\t$(window).trigger('resize');\r\n\t\t\t\t\tsetTimeout(function(){\r\n\t\t\t\t\t\t$(window).trigger('resize');\r\n\t\t\t\t\t},200);\r\n\t\t\t\t});\r\n\t\t\t});\r\n\t\t\tfunction toggleBounce() {\r\n\t\t\t  if (marker_map_6a045ad567dea.getAnimation() != null) {\r\n\t\t\t\tmarker_map_6a045ad567dea.setAnimation(null);\r\n\t\t\t  } else {\r\n\t\t\t\tmarker_map_6a045ad567dea.setAnimation(google.maps.Animation.BOUNCE);\r\n\t\t\t  }\r\n\t\t\t}\r\n\t\t\t})(jQuery);\r\n\t\t\t<\/script>[\/vc_column][\/vc_row]<\/p>\n","protected":false},"excerpt":{"rendered":"<p>[vc_row full_width=&#8221;stretch_row&#8221;][vc_column offset=&#8221;vc_col-lg-12&#8243;][\/vc_column][\/vc_row][vc_row full_width=&#8221;stretch_row&#8221; equal_height=&#8221;yes&#8221; content_placement=&#8221;top&#8221; css=&#8221;.vc_custom_1493048776470{margin-bottom: 0px !important;padding-top: 50px !important;padding-bottom: 50px !important;background-color: #b02b1a !important;}&#8221; el_class=&#8221;first-container&#8221;][vc_column width=&#8221;1\/2&#8243;][vc_column_text css_animation=&#8221;fadeInUp&#8221;] A Express\u00e3o da Marca JOS Metal [\/vc_column_text][\/vc_column][vc_column width=&#8221;1\/2&#8243;][vc_column_text css_animation=&#8221;bottom-to-top&#8221;] A Ger\u00eancia da empresa considera que o \u00eaxito no mercado passa pela capacidade de desenvolvimento sucessivo de novos produtos, com caracter\u00edsticas diferenciadoras e com valor acrescentado crescente. Esse [&#8230;]<\/p>\n<p><a class=\"btn btn-default vslmd-read-more-link\" href=\"https:\/\/jos.com.pt\/jos-web\/\">Read More<\/a><\/p>\n","protected":false},"author":3,"featured_media":0,"parent":0,"menu_order":0,"comment_status":"closed","ping_status":"closed","template":"","meta":[],"_links":{"self":[{"href":"https:\/\/jos.com.pt\/jos-web\/wp-json\/wp\/v2\/pages\/5496"}],"collection":[{"href":"https:\/\/jos.com.pt\/jos-web\/wp-json\/wp\/v2\/pages"}],"about":[{"href":"https:\/\/jos.com.pt\/jos-web\/wp-json\/wp\/v2\/types\/page"}],"author":[{"embeddable":true,"href":"https:\/\/jos.com.pt\/jos-web\/wp-json\/wp\/v2\/users\/3"}],"replies":[{"embeddable":true,"href":"https:\/\/jos.com.pt\/jos-web\/wp-json\/wp\/v2\/comments?post=5496"}],"version-history":[{"count":141,"href":"https:\/\/jos.com.pt\/jos-web\/wp-json\/wp\/v2\/pages\/5496\/revisions"}],"predecessor-version":[{"id":6956,"href":"https:\/\/jos.com.pt\/jos-web\/wp-json\/wp\/v2\/pages\/5496\/revisions\/6956"}],"wp:attachment":[{"href":"https:\/\/jos.com.pt\/jos-web\/wp-json\/wp\/v2\/media?parent=5496"}],"curies":[{"name":"wp","href":"https:\/\/api.w.org\/{rel}","templated":true}]}}